{"id":28163,"date":"2014-06-28T21:14:04","date_gmt":"2014-06-29T01:14:04","guid":{"rendered":"https:\/\/athomecuracao.com\/?page_id=28163"},"modified":"2023-04-08T15:59:53","modified_gmt":"2023-04-08T19:59:53","slug":"belangrijke-adressen-curacao","status":"publish","type":"page","link":"https:\/\/www2.athomecuracao.com\/en\/belangrijke-adressen-curacao\/","title":{"rendered":"Important addresses in Curacao"},"content":{"rendered":"<h5><strong>Important addresses in Curacao<\/strong><\/h5>\n<p>Kamer van Koophandel en Nijverheid Cura\u00e7ao<br \/>\nKaya Junior Salas 1<br \/>\nCura\u00e7ao, Nederlandse Antillen<br \/>\ntel. (5999) 461 1455<br \/>\nfax (5999) 461 5652<br \/>\ne-mail businessinfo@Cura\u00e7ao-chamber.an<br \/>\nwebsite www.curacao-chamber.an<\/p>\n<p>Het Nederlands Handelscommissariaat voor Cura\u00e7ao en Bonaire<br \/>\nKaya Junior Salas 1<br \/>\nCura\u00e7ao, Nederlandse Antillen<br \/>\ntel. (5999) 461 3918<br \/>\nfax (5999) 461 5652<br \/>\ne-mail nhc@curacao-chamber.an<\/p>\n<p>Vereniging Bedrijfsleven Cura\u00e7ao (VBC)<br \/>\nKaya Junior Salas 1<br \/>\nP.O. Box 49<br \/>\nCuracao, Nederlandse Antillen<br \/>\ntel (5999) 461 1210<br \/>\nfax (5999) 461 5422<\/p>\n<p>Bank van de Nederlandse Antillen (BNA)<br \/>\nBreedestraat 1 (P)<br \/>\nCura\u00e7ao, Nederlandse Antillen<br \/>\ntel. (5999) 434 5500<br \/>\nfax (5999) 461 5004<br \/>\ntelex BNACU NA<br \/>\ne-mail info@centralbank.an<br \/>\nwebside www.centralbank.an<\/p>\n<p>International Bankers of the Netherlands Antilles (IBNA)<br \/>\nChumaceiro Boulevard 3<br \/>\nP.O. Box 3889<br \/>\nCura\u00e7ao, Nederlandse Antillen<br \/>\ntel. (5999) 461 5367<br \/>\nfax (5999) 461 5369<br \/>\ne-mail mellis@attglobal.net<br \/>\nwebsite www.ibna.an<\/p>\n<div>Cura\u00e7ao International Financial Services Association (CIFA)<br \/>\nA.M. Chumaceiro Boulevard 3<br \/>\nCura\u00e7ao-Neth. Antilles<br \/>\nTel: (599-9) 461-5371 \/\u00a0 528-4808<br \/>\nFax: (599-9) 461-5378<br \/>\nE-mail: info@cifa-curacao.com<br \/>\nwebsite: www.cifa-curacao.com<\/div>\n<p>Cura\u00e7ao Tourism Bureau (CTB)<br \/>\nPietermaai 19<br \/>\nP.O. Box 3266<br \/>\nCura\u00e7ao, Nederlandse Antillen<br \/>\ntel. (5999) 434 8200<br \/>\nfax (5999) 461 5017<br \/>\ne-mail ctdbcur@attglobal.net<br \/>\nwebsite www.curacao-tourism.com<\/p>\n<p>Cura\u00e7ao Hospitality and Tourism Association (CHATA)<br \/>\nKaya Junior Salas 1<br \/>\nCura\u00e7ao, Nederlandse Antillen<br \/>\ntel. (5999) 465 1005<br \/>\nfax (5999) 465 1052<br \/>\ne-mail donchata@cura.net<br \/>\nwebsite www.chata.org<\/p>\n<p>Cura\u00e7ao Dive Operators Association (CDOA)<br \/>\nc\/o Voorzitter Anton van de Heetkamp<br \/>\nHoliday Beach Hotel &amp; Casino<br \/>\nPater Euwensweg<br \/>\nCura\u00e7ao, Nederlandse Antillen<br \/>\ntel. (5999) 462 7888<br \/>\nfax (5999) 462 4397<\/p>\n<p>Cura\u00e7ao Airport Partners N.V.<br \/>\nHato Airport<br \/>\nCura\u00e7ao, Nederlandse Antillen<br \/>\ntel. (5999)\u00a0839 3100<br \/>\nfax (5999) 868 0017<br \/>\ne-mail Curinta@attglobal.net<\/p>\n<p>Cura\u00e7ao Ports Authority N.V. (CPA)<br \/>\nWerf de Wilde z\/n<br \/>\nP.O.Box 689<br \/>\nCura\u00e7ao, Nederlandse Antillen<br \/>\ntel. (5999) 434 5999<br \/>\nfax (5999) 461 3907<br \/>\ne-mail cpamanag@cura.net<br \/>\nwebsite www.curports.com<\/p>\n<p>Cura\u00e7ao Industrial and International Trade Development Company N.V. (Curinde)<br \/>\nLandhuis Koningsplein<br \/>\nEmancipatie Boulevard 7<br \/>\nCuracao, Nederlandse Antillen<br \/>\ntel. (5999) 737 6000<br \/>\nfax (5999) 737 1336<br \/>\ne-mail info@curinde.com<br \/>\nwebsite www.curinde.com<\/p>\n<p>Association of Industrialists of the Netherlands Antilles (A.S.I.N.A.)<br \/>\nKaya Junior Salas 1<br \/>\nCura\u00e7ao, Nederlandse Antillen<br \/>\ntel. (5999) 461 2353<br \/>\nfax (5999) 465 8040<br \/>\ne-mail asina@cura.net<\/p>\n<p>Antilliaanse Vereniging van Makelaars en Taxateurs van onroerende goederen (A.V.M.T.)<br \/>\nSchottegatweg Noord 111<br \/>\nCura\u00e7ao, Nederlandse Antillen<br \/>\ntel. (5999) 737 0197<br \/>\nfax (5999) 737 7878<\/p>\n<p>Voor een collectie van internet links:<br \/>\nwww.cybercur.com\u00a0(engelstalig) of www.willemstad.net (nederlandstalig)<\/p>\n<p>Stichting Implementatie Privatisering (StIP)<br \/>\nWorld Trade Center Cura\u00e7ao<br \/>\nWillemstad<br \/>\nCura\u00e7ao, Nederlandse Antillen<br \/>\ntel. (5999) 463 6241<br \/>\nfax (5999) 463 6542<br \/>\ne-mail (tijdelijk)\u00a0gezag@curinfo.an<br \/>\nwebsite www.privatizationcur.com<\/p>\n","protected":false},"excerpt":{"rendered":"<p>Important addresses in Curacao Kamer van Koophandel en Nijverheid Cura\u00e7ao Kaya Junior Salas 1 Cura\u00e7ao, Nederlandse Antillen tel. (5999) 461 1455 fax (5999) 461 5652 e-mail businessinfo@Cura\u00e7ao-chamber.an website&#8230; <a class=\"moretag\" href=\"https:\/\/www2.athomecuracao.com\/en\/belangrijke-adressen-curacao\/\">&#8230; more<\/a><\/p>\n","protected":false},"author":4841,"featured_media":0,"parent":0,"menu_order":0,"comment_status":"closed","ping_status":"closed","template":"","meta":{"_acf_changed":false,"footnotes":""},"class_list":["post-28163","page","type-page","status-publish","hentry","property"," post "],"pp_statuses_selecting_workflow":false,"pp_workflow_action":"current","pp_status_selection":"publish","acf":[],"_links":{"self":[{"href":"https:\/\/www2.athomecuracao.com\/en\/wp-json\/wp\/v2\/pages\/28163","targetHints":{"allow":["GET"]}}],"collection":[{"href":"https:\/\/www2.athomecuracao.com\/en\/wp-json\/wp\/v2\/pages"}],"about":[{"href":"https:\/\/www2.athomecuracao.com\/en\/wp-json\/wp\/v2\/types\/page"}],"author":[{"embeddable":true,"href":"https:\/\/www2.athomecuracao.com\/en\/wp-json\/wp\/v2\/users\/4841"}],"replies":[{"embeddable":true,"href":"https:\/\/www2.athomecuracao.com\/en\/wp-json\/wp\/v2\/comments?post=28163"}],"version-history":[{"count":0,"href":"https:\/\/www2.athomecuracao.com\/en\/wp-json\/wp\/v2\/pages\/28163\/revisions"}],"wp:attachment":[{"href":"https:\/\/www2.athomecuracao.com\/en\/wp-json\/wp\/v2\/media?parent=28163"}],"curies":[{"name":"wp","href":"https:\/\/api.w.org\/{rel}","templated":true}]}}